{"id":872,"date":"2022-02-19T22:46:54","date_gmt":"2022-02-19T22:46:54","guid":{"rendered":"http:\/\/miacatlan.gob.mx\/?page_id=872"},"modified":"2022-02-25T15:04:01","modified_gmt":"2022-02-25T15:04:01","slug":"transparencia-2","status":"publish","type":"page","link":"http:\/\/miacatlan.gob.mx\/?page_id=872","title":{"rendered":"TRANSPARENCIA"},"content":{"rendered":"<p><img width=\"1024\" height=\"216\" src=\"http:\/\/miacatlan.gob.mx\/wp-content\/uploads\/2022\/02\/transp-1024x216.jpg\" alt=\"\" loading=\"lazy\" srcset=\"http:\/\/miacatlan.gob.mx\/wp-content\/uploads\/2022\/02\/transp-1024x216.jpg 1024w, http:\/\/miacatlan.gob.mx\/wp-content\/uploads\/2022\/02\/transp-300x63.jpg 300w, http:\/\/miacatlan.gob.mx\/wp-content\/uploads\/2022\/02\/transp-768x162.jpg 768w, http:\/\/miacatlan.gob.mx\/wp-content\/uploads\/2022\/02\/transp.jpg 1349w\" sizes=\"(max-width: 1024px) 100vw, 1024px\" \/>\t\t\t\t\t\t\t\t\t\t\t\t\t\t\t<\/p>\n<h2>Deben llevar al taller el formato seg\u00fan la forma en que vayan a presentar y la informaci\u00f3n necesaria para su llenado.<\/h2>\n<p>\t\t\t<a href=\"http:\/\/miacatlan.gob.mx\/wp-content\/uploads\/2022\/02\/INICIO.pdf\" target=\"_blank\" role=\"button\" rel=\"noopener\"><br \/>\n\t\t\t\t\t\tInicio<br \/>\n\t\t\t\t\t<\/a><\/p>\n<p>Presentaran su declaraci\u00f3n en su <strong>TOTALIDAD<\/strong> aquellos que tengan un puesto que sea Coordinador, Jefe de Departamento, Director, Asesor o Secretario.<\/p>\n<p>\t\t\t<a href=\"http:\/\/miacatlan.gob.mx\/wp-content\/uploads\/2022\/02\/INICIO-simple1.pdf\" target=\"_blank\" role=\"button\" rel=\"noopener\"><br \/>\n\t\t\t\t\t\tInicio Simple<br \/>\n\t\t\t\t\t<\/a><\/p>\n<p>Presentaran su declaraci\u00f3n en forma <strong>SIMPLIFICADA<\/strong> aquellos que tengan un puesto que NO sea Coordinador, Jefe de Departamento, Director, Asesor o Secretario.<\/p>\n<p>\t\t\t<a href=\"http:\/\/miacatlan.gob.mx\/wp-content\/uploads\/2022\/02\/PDF-PRUEBA.pdf\" target=\"_blank\" role=\"button\" rel=\"noopener\"><br \/>\n\t\t\t\t\t\tBOT\u00d3N<br \/>\n\t\t\t\t\t<\/a><\/p>\n<p>Sin informaci\u00f3n <\/p>\n<p>\t\t\t<a href=\"http:\/\/miacatlan.gob.mx\/wp-content\/uploads\/2022\/02\/CONCLUSION.pdf\" target=\"_blank\" role=\"button\" rel=\"noopener\"><br \/>\n\t\t\t\t\t\tConclusi\u00f3n<br \/>\n\t\t\t\t\t<\/a><\/p>\n<p>Descargar archivo.<\/p>\n<p>\t\t\t<a href=\"http:\/\/miacatlan.gob.mx\/wp-content\/uploads\/2022\/02\/CONCLUSION-SIMPLIFICADO.pdf\" target=\"_blank\" role=\"button\" rel=\"noopener\"><br \/>\n\t\t\t\t\t\tConclusi\u00f3n Simple<br \/>\n\t\t\t\t\t<\/a><\/p>\n<p>Descargar archivo.<\/p>\n<p>\t\t\t<a href=\"http:\/\/miacatlan.gob.mx\/wp-content\/uploads\/2022\/02\/NORMAS-E-INSTRUCTIVO-DE-LLENADO-DEC-PATR-INT.pdf\" target=\"_blank\" role=\"button\" rel=\"noopener\"><br \/>\n\t\t\t\t\t\tNormas e Instructivo<br \/>\n\t\t\t\t\t<\/a><\/p>\n<p>Descargar archivo.<\/p>\n","protected":false},"excerpt":{"rendered":"<p>Deben llevar al taller el formato seg\u00fan la forma en que vayan a presentar y la informaci\u00f3n necesaria para su llenado. Inicio Presentaran su declaraci\u00f3n en su TOTALIDAD aquellos que tengan un puesto que sea Coordinador, Jefe de Departamento, Director, Asesor o Secretario. Inicio Simple Presentaran su declaraci\u00f3n en forma SIMPLIFICADA aquellos que tengan un &hellip;<\/p>\n<p class=\"read-more\"> <a class=\"\" href=\"http:\/\/miacatlan.gob.mx\/?page_id=872\"> <span class=\"screen-reader-text\">TRANSPARENCIA<\/span> Leer m\u00e1s &raquo;<\/a><\/p>\n","protected":false},"author":1,"featured_media":0,"parent":0,"menu_order":0,"comment_status":"closed","ping_status":"closed","template":"","meta":{"site-sidebar-layout":"no-sidebar","site-content-layout":"page-builder","ast-site-content-layout":"","site-content-style":"default","site-sidebar-style":"default","ast-global-header-display":"","ast-banner-title-visibility":"","ast-main-header-display":"","ast-hfb-above-header-display":"","ast-hfb-below-header-display":"","ast-hfb-mobile-header-display":"","site-post-title":"disabled","ast-breadcrumbs-content":"","ast-featured-img":"disabled","footer-sml-layout":"","theme-transparent-header-meta":"","adv-header-id-meta":"","stick-header-meta":"","header-above-stick-meta":"","header-main-stick-meta":"","header-below-stick-meta":"","astra-migrate-meta-layouts":""},"_links":{"self":[{"href":"http:\/\/miacatlan.gob.mx\/index.php?rest_route=\/wp\/v2\/pages\/872"}],"collection":[{"href":"http:\/\/miacatlan.gob.mx\/index.php?rest_route=\/wp\/v2\/pages"}],"about":[{"href":"http:\/\/miacatlan.gob.mx\/index.php?rest_route=\/wp\/v2\/types\/page"}],"author":[{"embeddable":true,"href":"http:\/\/miacatlan.gob.mx\/index.php?rest_route=\/wp\/v2\/users\/1"}],"replies":[{"embeddable":true,"href":"http:\/\/miacatlan.gob.mx\/index.php?rest_route=%2Fwp%2Fv2%2Fcomments&post=872"}],"version-history":[{"count":31,"href":"http:\/\/miacatlan.gob.mx\/index.php?rest_route=\/wp\/v2\/pages\/872\/revisions"}],"predecessor-version":[{"id":1020,"href":"http:\/\/miacatlan.gob.mx\/index.php?rest_route=\/wp\/v2\/pages\/872\/revisions\/1020"}],"wp:attachment":[{"href":"http:\/\/miacatlan.gob.mx\/index.php?rest_route=%2Fwp%2Fv2%2Fmedia&parent=872"}],"curies":[{"name":"wp","href":"https:\/\/api.w.org\/{rel}","templated":true}]}}