{"id":1839,"date":"2024-08-14T04:54:38","date_gmt":"2024-08-14T04:54:38","guid":{"rendered":"http:\/\/miacatlan.gob.mx\/?page_id=1839"},"modified":"2024-08-14T05:46:31","modified_gmt":"2024-08-14T05:46:31","slug":"sevac-2024","status":"publish","type":"page","link":"http:\/\/miacatlan.gob.mx\/?page_id=1839","title":{"rendered":"2024"},"content":{"rendered":"<style>\/*! elementor - v3.15.0 - 09-08-2023 *\/\n.elementor-widget-image{text-align:center}.elementor-widget-image a{display:inline-block}.elementor-widget-image a img[src$=\".svg\"]{width:48px}.elementor-widget-image img{vertical-align:middle;display:inline-block}<\/style>\n<p>\t\t\t\t\t\t\t\t\t\t\t\t<img width=\"1024\" height=\"216\" src=\"http:\/\/miacatlan.gob.mx\/wp-content\/uploads\/2024\/08\/SEVAC-2023-1024x216.jpg\" alt=\"\" loading=\"lazy\" srcset=\"http:\/\/miacatlan.gob.mx\/wp-content\/uploads\/2024\/08\/SEVAC-2023-1024x216.jpg 1024w, http:\/\/miacatlan.gob.mx\/wp-content\/uploads\/2024\/08\/SEVAC-2023-300x63.jpg 300w, http:\/\/miacatlan.gob.mx\/wp-content\/uploads\/2024\/08\/SEVAC-2023-768x162.jpg 768w, http:\/\/miacatlan.gob.mx\/wp-content\/uploads\/2024\/08\/SEVAC-2023.jpg 1349w\" sizes=\"(max-width: 1024px) 100vw, 1024px\" \/>\t\t\t\t\t\t\t\t\t\t\t\t\t\t\t<\/p>\n<style>\/*! elementor - v3.15.0 - 09-08-2023 *\/\n.elementor-heading-title{padding:0;margin:0;line-height:1}.elementor-widget-heading .elementor-heading-title[class*=elementor-size-]>a{color:inherit;font-size:inherit;line-height:inherit}.elementor-widget-heading .elementor-heading-title.elementor-size-small{font-size:15px}.elementor-widget-heading .elementor-heading-title.elementor-size-medium{font-size:19px}.elementor-widget-heading .elementor-heading-title.elementor-size-large{font-size:29px}.elementor-widget-heading .elementor-heading-title.elementor-size-xl{font-size:39px}.elementor-widget-heading .elementor-heading-title.elementor-size-xxl{font-size:59px}<\/style>\n<h6>A continuaci\u00f3n se presenta la lista de archivos correspondiente al ejercicio 2024<\/h6>\n<link rel=\"stylesheet\" href=\"http:\/\/miacatlan.gob.mx\/wp-content\/plugins\/elementor\/assets\/css\/widget-icon-list.min.css\">\n<ul>\n<li>\n\t\t\t\t\t\t\t\t\t\t\t<a href=\"http:\/\/miacatlan.gob.mx\/wp-content\/uploads\/2024\/08\/D.1.11-Informacion-de-los-montos-efectivamente-pagados-durante-el-periodo-por-concepto-de-ayudas-y-subsidios.pdf\" target=\"_blank\" rel=\"noopener\"><br \/>\n\t\t\t\t\t\t\t\t\t\tD.1.11 Informaci\u00f3n de los montos efectivamente pagados durante el periodo por concepto de ayudas y subsidios.<br \/>\n\t\t\t\t\t\t\t\t\t\t\t<\/a>\n\t\t\t\t\t\t\t\t\t<\/li>\n<li>\n\t\t\t\t\t\t\t\t\t\t\t<a href=\"http:\/\/miacatlan.gob.mx\/wp-content\/uploads\/2024\/08\/D.1.12-Informacion-de-los-montos-plenamente-identificados-por-orden-de-gobierno-de-los-programas-en-que-concurran-recursos-federales-1.pdf\" target=\"_blank\" rel=\"noopener\"><br \/>\n\t\t\t\t\t\t\t\t\t\tD.1.12 Informaci\u00f3n de los montos plenamente identificados por orden de gobierno, de los programas en que concurran recursos federales<br \/>\n\t\t\t\t\t\t\t\t\t\t\t<\/a>\n\t\t\t\t\t\t\t\t\t<\/li>\n<li>\n\t\t\t\t\t\t\t\t\t\t\t<a href=\"http:\/\/miacatlan.gob.mx\/wp-content\/uploads\/2024\/08\/D.1.15-Informacion-trimestral-sobre-la-aplicacion-de-los-recursos-federales-para-el-Fondo-de-Aportaciones-para-la-Infraestructura-Social.pdf\" target=\"_blank\" rel=\"noopener\"><br \/>\n\t\t\t\t\t\t\t\t\t\tD.1.15 Informaci\u00f3n trimestral sobre la aplicaci\u00f3n de los recursos federales para el Fondo de Aportaciones para la Infraestructura Social<br \/>\n\t\t\t\t\t\t\t\t\t\t\t<\/a>\n\t\t\t\t\t\t\t\t\t<\/li>\n<li>\n\t\t\t\t\t\t\t\t\t\t\t<a href=\"http:\/\/miacatlan.gob.mx\/wp-content\/uploads\/2024\/08\/D.1.17-Publica-la-informacion-de-aplicacion-de-recursos-federales-del-FORTAMUN.pdf\" target=\"_blank\" rel=\"noopener\"><br \/>\n\t\t\t\t\t\t\t\t\t\tD.1.17 Publica la informaci\u00f3n de aplicaci\u00f3n de recursos federales del FORTAMUN<br \/>\n\t\t\t\t\t\t\t\t\t\t\t<\/a>\n\t\t\t\t\t\t\t\t\t<\/li>\n<li>\n\t\t\t\t\t\t\t\t\t\t\t<a href=\"http:\/\/miacatlan.gob.mx\/wp-content\/uploads\/2024\/08\/D.1.19-Publica-la-informacion-relativa-a-las-obligaciones-que-se-pagan-o-garantizan-con-recursos-de-fondos-federales.pdf\" target=\"_blank\" rel=\"noopener\"><br \/>\n\t\t\t\t\t\t\t\t\t\tD.1.19 Publica la informaci\u00f3n relativa a las obligaciones que se pagan o garantizan con recursos de fondos federales<br \/>\n\t\t\t\t\t\t\t\t\t\t\t<\/a>\n\t\t\t\t\t\t\t\t\t<\/li>\n<li>\n\t\t\t\t\t\t\t\t\t\t\t<a href=\"http:\/\/miacatlan.gob.mx\/wp-content\/uploads\/2024\/08\/D.2.1-Publica-el-Estado-de-Actividades.pdf\" target=\"_blank\" rel=\"noopener\"><br \/>\n\t\t\t\t\t\t\t\t\t\tD.2.1 Publica el Estado de Actividades<br \/>\n\t\t\t\t\t\t\t\t\t\t\t<\/a>\n\t\t\t\t\t\t\t\t\t<\/li>\n<li>\n\t\t\t\t\t\t\t\t\t\t\t<a href=\"http:\/\/miacatlan.gob.mx\/wp-content\/uploads\/2024\/08\/D.1.20-Publica-la-informacion-2DO-TRIM-2024-destino-de-gasto-federalizado-y-reintegros.pdf\" target=\"_blank\" rel=\"noopener\"><br \/>\n\t\t\t\t\t\t\t\t\t\tD.1.20 Publica la informaci\u00f3n 2DO TRIM 2024 destino de gasto federalizado y reintegros<br \/>\n\t\t\t\t\t\t\t\t\t\t\t<\/a>\n\t\t\t\t\t\t\t\t\t<\/li>\n<li>\n\t\t\t\t\t\t\t\t\t\t\t<a href=\"http:\/\/miacatlan.gob.mx\/wp-content\/uploads\/2024\/08\/D.2.2-Publica-el-Estado-de-Situacion-Financiera.pdf\" target=\"_blank\" rel=\"noopener\"><br \/>\n\t\t\t\t\t\t\t\t\t\tD.2.2 Publica el Estado de Situaci\u00f3n Financiera<br \/>\n\t\t\t\t\t\t\t\t\t\t\t<\/a>\n\t\t\t\t\t\t\t\t\t<\/li>\n<li>\n\t\t\t\t\t\t\t\t\t\t\t<a href=\"http:\/\/miacatlan.gob.mx\/wp-content\/uploads\/2024\/08\/D.2.3-Estado-de-Variacion-en-la-Hacienda-Publica.pdf\" target=\"_blank\" rel=\"noopener\"><br \/>\n\t\t\t\t\t\t\t\t\t\tD.2.3 Estado de Variaci\u00f3n en la Hacienda P\u00fablica<br \/>\n\t\t\t\t\t\t\t\t\t\t\t<\/a>\n\t\t\t\t\t\t\t\t\t<\/li>\n<li>\n\t\t\t\t\t\t\t\t\t\t\t<a href=\"http:\/\/miacatlan.gob.mx\/wp-content\/uploads\/2024\/08\/D.2.5-Estado-de-Flujos-de-Efectivo.pdf\" target=\"_blank\" rel=\"noopener\"><br \/>\n\t\t\t\t\t\t\t\t\t\tD.2.5 Estado de Flujos de Efectivo<br \/>\n\t\t\t\t\t\t\t\t\t\t\t<\/a>\n\t\t\t\t\t\t\t\t\t<\/li>\n<li>\n\t\t\t\t\t\t\t\t\t\t\t<a href=\"http:\/\/miacatlan.gob.mx\/wp-content\/uploads\/2024\/08\/D.2.4-Estado-de-Cambios-en-la-Situacion-Financiera.pdf\" target=\"_blank\" rel=\"noopener\"><br \/>\n\t\t\t\t\t\t\t\t\t\tD.2.4 Estado de Cambios en la Situaci\u00f3n Financiera<br \/>\n\t\t\t\t\t\t\t\t\t\t\t<\/a>\n\t\t\t\t\t\t\t\t\t<\/li>\n<li>\n\t\t\t\t\t\t\t\t\t\t\t<a href=\"http:\/\/miacatlan.gob.mx\/wp-content\/uploads\/2024\/08\/D.2.8-Estado-Analitico-del-Activo.pdf\" target=\"_blank\" rel=\"noopener\"><br \/>\n\t\t\t\t\t\t\t\t\t\tD.2.8 Estado Anal\u00edtico del Activo<br \/>\n\t\t\t\t\t\t\t\t\t\t\t<\/a>\n\t\t\t\t\t\t\t\t\t<\/li>\n<li>\n\t\t\t\t\t\t\t\t\t\t\t<a href=\"http:\/\/miacatlan.gob.mx\/wp-content\/uploads\/2024\/08\/D.2.9-Estado-Analitico-de-la-Deuda-y-Otros-Pasivos.pdf\" target=\"_blank\" rel=\"noopener\"><br \/>\n\t\t\t\t\t\t\t\t\t\tD.2.9 Estado Anal\u00edtico de la Deuda y Otros Pasivos<br \/>\n\t\t\t\t\t\t\t\t\t\t\t<\/a>\n\t\t\t\t\t\t\t\t\t<\/li>\n<li>\n\t\t\t\t\t\t\t\t\t\t\t<a href=\"http:\/\/miacatlan.gob.mx\/wp-content\/uploads\/2024\/08\/D.3.1-Publica-el-Estado-Analitico-de-Ingresos.pdf\" target=\"_blank\" rel=\"noopener\"><br \/>\n\t\t\t\t\t\t\t\t\t\tD.3.1 Publica el Estado Anal\u00edtico de Ingresos<br \/>\n\t\t\t\t\t\t\t\t\t\t\t<\/a>\n\t\t\t\t\t\t\t\t\t<\/li>\n<li>\n\t\t\t\t\t\t\t\t\t\t\t<a href=\"http:\/\/miacatlan.gob.mx\/wp-content\/uploads\/2024\/08\/D.3.2-EAEPE-Clasificacion-Administrativa.pdf\" target=\"_blank\" rel=\"noopener\"><br \/>\n\t\t\t\t\t\t\t\t\t\tD.3.2 EAEPE Clasificaci\u00f3n Administrativa<br \/>\n\t\t\t\t\t\t\t\t\t\t\t<\/a>\n\t\t\t\t\t\t\t\t\t<\/li>\n<li>\n\t\t\t\t\t\t\t\t\t\t\t<a href=\"http:\/\/miacatlan.gob.mx\/wp-content\/uploads\/2024\/08\/D.3.3-EAEPE-Clasificacion-Economica-por-Tipo-de-Gasto.pdf\" target=\"_blank\" rel=\"noopener\"><br \/>\n\t\t\t\t\t\t\t\t\t\tD.3.3 EAEPE Clasificaci\u00f3n Econ\u00f3mica (por Tipo de Gasto)<br \/>\n\t\t\t\t\t\t\t\t\t\t\t<\/a>\n\t\t\t\t\t\t\t\t\t<\/li>\n<li>\n\t\t\t\t\t\t\t\t\t\t\t<a href=\"http:\/\/miacatlan.gob.mx\/wp-content\/uploads\/2024\/08\/D.3.4-Publica-el-Estado-Analitico-del-Ejercicio-del-Presupuesto-de-Egresos-con-base-en-la-Clasificacion-por-Objeto-del-Gasto.pdf\" target=\"_blank\" rel=\"noopener\"><br \/>\n\t\t\t\t\t\t\t\t\t\tD.3.4 Publica el Estado Anal\u00edtico del Ejercicio del Presupuesto de Egresos con base en la Clasificaci\u00f3n por Objeto del Gasto<br \/>\n\t\t\t\t\t\t\t\t\t\t\t<\/a>\n\t\t\t\t\t\t\t\t\t<\/li>\n<li>\n\t\t\t\t\t\t\t\t\t\t\t<a href=\"http:\/\/miacatlan.gob.mx\/wp-content\/uploads\/2024\/08\/D.3.5-EAEPE-Clasificacion-Funcional.pdf\" target=\"_blank\" rel=\"noopener\"><br \/>\n\t\t\t\t\t\t\t\t\t\tD.3.5 EAEPE Clasificaci\u00f3n Funcional<br \/>\n\t\t\t\t\t\t\t\t\t\t\t<\/a>\n\t\t\t\t\t\t\t\t\t<\/li>\n<li>\n\t\t\t\t\t\t\t\t\t\t\t<a href=\"http:\/\/miacatlan.gob.mx\/wp-content\/uploads\/2024\/08\/D.4.1-Gasto-por-Categoria-Programatica.pdf\" target=\"_blank\" rel=\"noopener\"><br \/>\n\t\t\t\t\t\t\t\t\t\tD.4.1 Gasto por Categor\u00eda Program\u00e1tica<br \/>\n\t\t\t\t\t\t\t\t\t\t\t<\/a>\n\t\t\t\t\t\t\t\t\t<\/li>\n<\/ul>\n","protected":false},"excerpt":{"rendered":"<p>A continuaci\u00f3n se presenta la lista de archivos correspondiente al ejercicio 2024 D.1.11 Informaci\u00f3n de los montos efectivamente pagados durante el periodo por concepto de ayudas y subsidios. D.1.12 Informaci\u00f3n de los montos plenamente identificados por orden de gobierno, de los programas en que concurran recursos federales D.1.15 Informaci\u00f3n trimestral sobre la aplicaci\u00f3n de los &hellip;<\/p>\n<p class=\"read-more\"> <a class=\"\" href=\"http:\/\/miacatlan.gob.mx\/?page_id=1839\"> <span class=\"screen-reader-text\">2024<\/span> Leer m\u00e1s &raquo;<\/a><\/p>\n","protected":false},"author":3,"featured_media":0,"parent":0,"menu_order":0,"comment_status":"closed","ping_status":"closed","template":"","meta":{"site-sidebar-layout":"no-sidebar","site-content-layout":"page-builder","ast-site-content-layout":"default","site-content-style":"default","site-sidebar-style":"default","ast-global-header-display":"","ast-banner-title-visibility":"","ast-main-header-display":"","ast-hfb-above-header-display":"","ast-hfb-below-header-display":"","ast-hfb-mobile-header-display":"","site-post-title":"disabled","ast-breadcrumbs-content":"","ast-featured-img":"disabled","footer-sml-layout":"","theme-transparent-header-meta":"","adv-header-id-meta":"","stick-header-meta":"","header-above-stick-meta":"","header-main-stick-meta":"","header-below-stick-meta":"","astra-migrate-meta-layouts":"set"},"_links":{"self":[{"href":"http:\/\/miacatlan.gob.mx\/index.php?rest_route=\/wp\/v2\/pages\/1839"}],"collection":[{"href":"http:\/\/miacatlan.gob.mx\/index.php?rest_route=\/wp\/v2\/pages"}],"about":[{"href":"http:\/\/miacatlan.gob.mx\/index.php?rest_route=\/wp\/v2\/types\/page"}],"author":[{"embeddable":true,"href":"http:\/\/miacatlan.gob.mx\/index.php?rest_route=\/wp\/v2\/users\/3"}],"replies":[{"embeddable":true,"href":"http:\/\/miacatlan.gob.mx\/index.php?rest_route=%2Fwp%2Fv2%2Fcomments&post=1839"}],"version-history":[{"count":40,"href":"http:\/\/miacatlan.gob.mx\/index.php?rest_route=\/wp\/v2\/pages\/1839\/revisions"}],"predecessor-version":[{"id":1903,"href":"http:\/\/miacatlan.gob.mx\/index.php?rest_route=\/wp\/v2\/pages\/1839\/revisions\/1903"}],"wp:attachment":[{"href":"http:\/\/miacatlan.gob.mx\/index.php?rest_route=%2Fwp%2Fv2%2Fmedia&parent=1839"}],"curies":[{"name":"wp","href":"https:\/\/api.w.org\/{rel}","templated":true}]}}