{"id":155,"date":"2021-05-18T01:55:22","date_gmt":"2021-05-18T01:55:22","guid":{"rendered":"http:\/\/miacatlan.gob.mx\/?page_id=155"},"modified":"2022-05-11T16:15:25","modified_gmt":"2022-05-11T16:15:25","slug":"contact","status":"publish","type":"page","link":"http:\/\/miacatlan.gob.mx\/?page_id=155","title":{"rendered":"CONTACTO"},"content":{"rendered":"<h2>CONTACTANOS<\/h2>\n<p>Si necesitas informaci\u00f3n sobre alg\u00fan tramite, no dudes en llamarnos y con gusto te ayudaremos. <\/p>\n<h6>\n\t\t\t\t\t\tH. Ayuntamineto de Miacatl\u00e1n<br \/>\n\t\t\t\t<\/h6>\n<p>\n\t\t\t\t\t\tCalle Emilio Carranza S\/N Col. Centro, Miacatl\u00e1n, Morelos.\t\t\t\t\t<\/p>\n<h6>\n\t\t\t\t\t\tTelefono<br \/>\n\t\t\t\t<\/h6>\n<p>\n\t\t\t\t\t\t737.690.1979\t\t\t\t\t<\/p>\n<h6>\n\t\t\t\t\t\tE-mail<br \/>\n\t\t\t\t<\/h6>\n<p>\n\t\t\t\t\t\tpresidenciamiacatlan2022@hotmail.com\t\t\t\t\t<\/p>\n<p>\t\t\t\/*! elementor &#8211; v3.5.5 &#8211; 03-02-2022 *\/<br \/>\n.elementor-widget-google_maps .elementor-widget-container{overflow:hidden}.elementor-widget-google_maps iframe{height:300px}\t\t<\/p>\n","protected":false},"excerpt":{"rendered":"<p>CONTACTANOS Si necesitas informaci\u00f3n sobre alg\u00fan tramite, no dudes en llamarnos y con gusto te ayudaremos. H. Ayuntamineto de Miacatl\u00e1n Calle Emilio Carranza S\/N Col. Centro, Miacatl\u00e1n, Morelos. Telefono 737.690.1979 E-mail presidenciamiacatlan2022@hotmail.com \/*! elementor &#8211; v3.5.5 &#8211; 03-02-2022 *\/ .elementor-widget-google_maps .elementor-widget-container{overflow:hidden}.elementor-widget-google_maps iframe{height:300px}<\/p>\n","protected":false},"author":1,"featured_media":0,"parent":0,"menu_order":0,"comment_status":"closed","ping_status":"closed","template":"","meta":{"site-sidebar-layout":"no-sidebar","site-content-layout":"page-builder","ast-site-content-layout":"","site-content-style":"default","site-sidebar-style":"default","ast-global-header-display":"","ast-banner-title-visibility":"","ast-main-header-display":"","ast-hfb-above-header-display":"","ast-hfb-below-header-display":"","ast-hfb-mobile-header-display":"","site-post-title":"disabled","ast-breadcrumbs-content":"disabled","ast-featured-img":"disabled","footer-sml-layout":"","theme-transparent-header-meta":"default","adv-header-id-meta":"","stick-header-meta":"","header-above-stick-meta":"","header-main-stick-meta":"","header-below-stick-meta":"","astra-migrate-meta-layouts":""},"_links":{"self":[{"href":"http:\/\/miacatlan.gob.mx\/index.php?rest_route=\/wp\/v2\/pages\/155"}],"collection":[{"href":"http:\/\/miacatlan.gob.mx\/index.php?rest_route=\/wp\/v2\/pages"}],"about":[{"href":"http:\/\/miacatlan.gob.mx\/index.php?rest_route=\/wp\/v2\/types\/page"}],"author":[{"embeddable":true,"href":"http:\/\/miacatlan.gob.mx\/index.php?rest_route=\/wp\/v2\/users\/1"}],"replies":[{"embeddable":true,"href":"http:\/\/miacatlan.gob.mx\/index.php?rest_route=%2Fwp%2Fv2%2Fcomments&post=155"}],"version-history":[{"count":18,"href":"http:\/\/miacatlan.gob.mx\/index.php?rest_route=\/wp\/v2\/pages\/155\/revisions"}],"predecessor-version":[{"id":1165,"href":"http:\/\/miacatlan.gob.mx\/index.php?rest_route=\/wp\/v2\/pages\/155\/revisions\/1165"}],"wp:attachment":[{"href":"http:\/\/miacatlan.gob.mx\/index.php?rest_route=%2Fwp%2Fv2%2Fmedia&parent=155"}],"curies":[{"name":"wp","href":"https:\/\/api.w.org\/{rel}","templated":true}]}}