{"id":152,"date":"2021-05-18T01:54:43","date_gmt":"2021-05-18T01:54:43","guid":{"rendered":"http:\/\/miacatlan.gob.mx\/?page_id=152"},"modified":"2022-05-11T16:15:26","modified_gmt":"2022-05-11T16:15:26","slug":"historia-de-miacatlan","status":"publish","type":"page","link":"http:\/\/miacatlan.gob.mx\/?page_id=152","title":{"rendered":"MIACATL\u00c1N"},"content":{"rendered":"<h1>Municipio de Miacatl\u00e1n<\/h1>\n<p>\t\t\t\t\t\t\t\t\t\t\t\t\t\t\t<img width=\"1160\" height=\"520\" src=\"http:\/\/miacatlan.gob.mx\/wp-content\/uploads\/2022\/02\/FOTO1.jpg\" alt=\"\" loading=\"lazy\" \/>\t\t\t\t\t\t\t\t\t\t\t\t\t\t\t<\/p>\n<h2>HISTORIA<\/h2>\n<p>Te invitamos a conocer un poco de nuestro hermoso municipio<\/p>\n<p><strong>Miacatl\u00e1n<\/strong> en la \u00e9poca prehisp\u00e1nica perteneci\u00f3 al centro pol\u00edtico y religioso establecido en Xochicalco, posteriormente al se\u00f1or\u00edo de Cuauhn\u00e1huac y al ser conquistado \u00e9ste por los Aztecas, Miacatl\u00e1n paso a ser tributario de Tenochtitl\u00e1n.<\/p>\n<p>Durante la \u00e9poca colonial form\u00f3 parte del Marquesado del Valle de Oaxaca, del Tercer Distrito Militar del Estado de M\u00e9xico y perteneci\u00f3 al municipio de Mazatepec desde el a\u00f1o de 1923.<\/p>\n<p>Al erigirse el Estado de Morelos en el a\u00f1o de 1869, Miacatl\u00e1n adquiere la categor\u00eda de Municipio Coatetelco y con los poblados de Coatetelco, Palpan de Barandas y las rancher\u00edas de Nexapa y el Ojo de agua, as\u00ed como las Haciendas de Acatzingo, La Nigua y Miacatl\u00e1n.<\/p>\n<p><strong>Sitios de inter\u00e9s<\/strong><\/p>\n<p>Las zona arqueol\u00f3gica de Xochicalcoo, as\u00ed como las Parroquias de Santo Tom\u00e1s y capilla del Alma de la Virgen en Miacatl\u00e1n, la Parroquia de la Pur\u00edsima Concepci\u00f3n en Palpan, la Exhacienda de San Salvador (hoy casa hogar de Nuestros Peque\u00f1os Hermanos), el Acueducto del Terrero, la Laguna del Rodeo y sus botaneras, la presa vieja de la Toma, el asta bandera y el arco de bienvenida a miacatlan. Todo esto y m\u00e1s representa nuestro patrimonio Hist\u00f3rico y Cultural, son atractivos tur\u00edsticos de gran valor.<\/p>\n<p><strong>Miacatl\u00e1n: <\/strong>El nombre viene de la palabra n\u00e1huatl &#8220;Mitl&#8221; que quiere decir flecha &#8220;Acatl&#8221; vara o ca\u00f1a y &#8220;Tlan&#8221; lugar, que en su conjunto significa lugar donde abundan las varas para flechas.\u00a0<\/p>\n<p>\u00a0<\/p>\n","protected":false},"excerpt":{"rendered":"<p>Municipio de Miacatl\u00e1n HISTORIA Te invitamos a conocer un poco de nuestro hermoso municipio Miacatl\u00e1n en la \u00e9poca prehisp\u00e1nica perteneci\u00f3 al centro pol\u00edtico y religioso establecido en Xochicalco, posteriormente al se\u00f1or\u00edo de Cuauhn\u00e1huac y al ser conquistado \u00e9ste por los Aztecas, Miacatl\u00e1n paso a ser tributario de Tenochtitl\u00e1n. Durante la \u00e9poca colonial form\u00f3 parte del &hellip;<\/p>\n<p class=\"read-more\"> <a class=\"\" href=\"http:\/\/miacatlan.gob.mx\/?page_id=152\"> <span class=\"screen-reader-text\">MIACATL\u00c1N<\/span> Leer m\u00e1s &raquo;<\/a><\/p>\n","protected":false},"author":1,"featured_media":0,"parent":0,"menu_order":0,"comment_status":"closed","ping_status":"closed","template":"","meta":{"site-sidebar-layout":"no-sidebar","site-content-layout":"page-builder","ast-site-content-layout":"","site-content-style":"default","site-sidebar-style":"default","ast-global-header-display":"","ast-banner-title-visibility":"","ast-main-header-display":"","ast-hfb-above-header-display":"","ast-hfb-below-header-display":"","ast-hfb-mobile-header-display":"","site-post-title":"disabled","ast-breadcrumbs-content":"disabled","ast-featured-img":"disabled","footer-sml-layout":"","theme-transparent-header-meta":"default","adv-header-id-meta":"","stick-header-meta":"","header-above-stick-meta":"","header-main-stick-meta":"","header-below-stick-meta":"","astra-migrate-meta-layouts":""},"_links":{"self":[{"href":"http:\/\/miacatlan.gob.mx\/index.php?rest_route=\/wp\/v2\/pages\/152"}],"collection":[{"href":"http:\/\/miacatlan.gob.mx\/index.php?rest_route=\/wp\/v2\/pages"}],"about":[{"href":"http:\/\/miacatlan.gob.mx\/index.php?rest_route=\/wp\/v2\/types\/page"}],"author":[{"embeddable":true,"href":"http:\/\/miacatlan.gob.mx\/index.php?rest_route=\/wp\/v2\/users\/1"}],"replies":[{"embeddable":true,"href":"http:\/\/miacatlan.gob.mx\/index.php?rest_route=%2Fwp%2Fv2%2Fcomments&post=152"}],"version-history":[{"count":23,"href":"http:\/\/miacatlan.gob.mx\/index.php?rest_route=\/wp\/v2\/pages\/152\/revisions"}],"predecessor-version":[{"id":1170,"href":"http:\/\/miacatlan.gob.mx\/index.php?rest_route=\/wp\/v2\/pages\/152\/revisions\/1170"}],"wp:attachment":[{"href":"http:\/\/miacatlan.gob.mx\/index.php?rest_route=%2Fwp%2Fv2%2Fmedia&parent=152"}],"curies":[{"name":"wp","href":"https:\/\/api.w.org\/{rel}","templated":true}]}}